{"id":621,"date":"2019-04-17T10:04:40","date_gmt":"2019-04-17T10:04:40","guid":{"rendered":"https:\/\/comunidadfilosofica.com\/?page_id=621"},"modified":"2021-09-08T18:27:59","modified_gmt":"2021-09-08T18:27:59","slug":"about","status":"publish","type":"page","link":"https:\/\/comunidadfilosofica.com\/?page_id=621","title":{"rendered":"About"},"content":{"rendered":"\t\t<div data-elementor-type=\"wp-post\" data-elementor-id=\"621\" class=\"elementor elementor-621\">\n\t\t\t\t\t\t\t\t\t<section class=\"elementor-section elementor-top-section elementor-element elementor-element-13a93292 elementor-section-boxed elementor-section-height-default elementor-section-height-default\" data-id=\"13a93292\" data-element_type=\"section\" data-settings=\"{&quot;background_background&quot;:&quot;classic&quot;}\">\n\t\t\t\t\t\t\t<div class=\"elementor-background-overlay\"><\/div>\n\t\t\t\t\t\t\t<div class=\"elementor-container elementor-column-gap-default\">\n\t\t\t\t\t<div class=\"elementor-column elementor-col-100 elementor-top-column elementor-element elementor-element-25748b2d\" data-id=\"25748b2d\" data-element_type=\"column\">\n\t\t\t<div class=\"elementor-widget-wrap elementor-element-populated\">\n\t\t\t\t\t\t\t\t<div class=\"elementor-element elementor-element-1dca66c4 elementor-widget-divider--view-line elementor-widget elementor-widget-divider\" data-id=\"1dca66c4\" data-element_type=\"widget\" data-widget_type=\"divider.default\">\n\t\t\t\t<div class=\"elementor-widget-container\">\n\t\t\t\t\t<div class=\"elementor-divider\">\n\t\t\t<span class=\"elementor-divider-separator\">\n\t\t\t\t\t\t<\/span>\n\t\t<\/div>\n\t\t\t\t<\/div>\n\t\t\t\t<\/div>\n\t\t\t\t<div class=\"elementor-element elementor-element-253d822f elementor-widget elementor-widget-heading\" data-id=\"253d822f\" data-element_type=\"widget\" data-widget_type=\"heading.default\">\n\t\t\t\t<div class=\"elementor-widget-container\">\n\t\t\t<h2 class=\"elementor-heading-title elementor-size-default\">Los or\u00edgenes<\/h2>\t\t<\/div>\n\t\t\t\t<\/div>\n\t\t\t\t\t<\/div>\n\t\t<\/div>\n\t\t\t\t\t\t\t<\/div>\n\t\t<\/section>\n\t\t\t\t<section class=\"elementor-section elementor-top-section elementor-element elementor-element-758d8c04 elementor-section-content-middle elementor-section-boxed elementor-section-height-default elementor-section-height-default\" data-id=\"758d8c04\" data-element_type=\"section\">\n\t\t\t\t\t\t<div class=\"elementor-container elementor-column-gap-wide\">\n\t\t\t\t\t<div class=\"elementor-column elementor-col-33 elementor-top-column elementor-element elementor-element-43ba58ae\" data-id=\"43ba58ae\" data-element_type=\"column\">\n\t\t\t<div class=\"elementor-widget-wrap elementor-element-populated\">\n\t\t\t\t\t\t\t\t<div class=\"elementor-element elementor-element-82f9958 elementor-widget elementor-widget-image\" data-id=\"82f9958\" data-element_type=\"widget\" data-widget_type=\"image.default\">\n\t\t\t\t<div class=\"elementor-widget-container\">\n\t\t\t\t\t\t\t\t\t\t\t\t\t\t\t<img decoding=\"async\" loading=\"lazy\" width=\"1536\" height=\"1227\" src=\"https:\/\/comunidadfilosofica.com\/wp-content\/uploads\/2020\/11\/IMG_0871-1536x1227.jpeg\" class=\"attachment-1536x1536 size-1536x1536 wp-image-2138\" alt=\"\" srcset=\"https:\/\/comunidadfilosofica.com\/wp-content\/uploads\/2020\/11\/IMG_0871-1536x1227.jpeg 1536w, https:\/\/comunidadfilosofica.com\/wp-content\/uploads\/2020\/11\/IMG_0871-300x240.jpeg 300w, https:\/\/comunidadfilosofica.com\/wp-content\/uploads\/2020\/11\/IMG_0871-1024x818.jpeg 1024w, https:\/\/comunidadfilosofica.com\/wp-content\/uploads\/2020\/11\/IMG_0871-768x614.jpeg 768w, https:\/\/comunidadfilosofica.com\/wp-content\/uploads\/2020\/11\/IMG_0871.jpeg 1852w\" sizes=\"(max-width: 1536px) 100vw, 1536px\" \/>\t\t\t\t\t\t\t\t\t\t\t\t\t\t\t<\/div>\n\t\t\t\t<\/div>\n\t\t\t\t\t<\/div>\n\t\t<\/div>\n\t\t\t\t<div class=\"elementor-column elementor-col-66 elementor-top-column elementor-element elementor-element-15249d1d\" data-id=\"15249d1d\" data-element_type=\"column\">\n\t\t\t<div class=\"elementor-widget-wrap elementor-element-populated\">\n\t\t\t\t\t\t\t\t<div class=\"elementor-element elementor-element-13a9b180 elementor-widget elementor-widget-text-editor\" data-id=\"13a9b180\" data-element_type=\"widget\" data-widget_type=\"text-editor.default\">\n\t\t\t\t<div class=\"elementor-widget-container\">\n\t\t\t\t\t\t\t<p><span style=\"color: #ff0000;\"><strong>EN CONSTRUCCI\u00d3N<\/strong><\/span>Lorem ipsum dolor sit amet, consectetur adipiscing elit, sed do eiusmod tempor incididunt ut labore et dolore magna aliqua. Ut enim ad minim veniam, quis nostrud exercitation ullamco laboris nisi ut aliquip ex ea commodo consequat. Duis aute irure dolor in reprehenderit in voluptate velit esse cillum dolore eu fugiat nulla pariatur. Excepteur sint occaecat cupidatat non proident, sunt in culpa qui officia deserunt mollit anim id est laborum. Lorem ipsum dolor sit amet, consectetur adipiscing elit, sed do eiusmod tempor incididunt ut labore et dolore magna aliqua.Duis aute irure dolor in reprehenderit in voluptate velit esse cillum dolore eu fugiat nulla pariatur.<\/p>\t\t\t\t\t\t<\/div>\n\t\t\t\t<\/div>\n\t\t\t\t\t<\/div>\n\t\t<\/div>\n\t\t\t\t\t\t\t<\/div>\n\t\t<\/section>\n\t\t\t\t<section class=\"elementor-section elementor-top-section elementor-element elementor-element-a163a2f elementor-section-boxed elementor-section-height-default elementor-section-height-default\" data-id=\"a163a2f\" data-element_type=\"section\">\n\t\t\t\t\t\t<div class=\"elementor-container elementor-column-gap-default\">\n\t\t\t\t\t<div class=\"elementor-column elementor-col-100 elementor-top-column elementor-element elementor-element-a609667\" data-id=\"a609667\" data-element_type=\"column\">\n\t\t\t<div class=\"elementor-widget-wrap elementor-element-populated\">\n\t\t\t\t\t\t\t\t<div class=\"elementor-element elementor-element-3100edb elementor-widget-divider--view-line elementor-widget elementor-widget-divider\" data-id=\"3100edb\" data-element_type=\"widget\" data-widget_type=\"divider.default\">\n\t\t\t\t<div class=\"elementor-widget-container\">\n\t\t\t\t\t<div class=\"elementor-divider\">\n\t\t\t<span class=\"elementor-divider-separator\">\n\t\t\t\t\t\t<\/span>\n\t\t<\/div>\n\t\t\t\t<\/div>\n\t\t\t\t<\/div>\n\t\t\t\t\t<\/div>\n\t\t<\/div>\n\t\t\t\t\t\t\t<\/div>\n\t\t<\/section>\n\t\t\t\t<section class=\"elementor-section elementor-top-section elementor-element elementor-element-6cbaf4f elementor-section-boxed elementor-section-height-default elementor-section-height-default\" data-id=\"6cbaf4f\" data-element_type=\"section\">\n\t\t\t\t\t\t<div class=\"elementor-container elementor-column-gap-default\">\n\t\t\t\t\t<div class=\"elementor-column elementor-col-50 elementor-top-column elementor-element elementor-element-6dbd7e5\" data-id=\"6dbd7e5\" data-element_type=\"column\">\n\t\t\t<div class=\"elementor-widget-wrap elementor-element-populated\">\n\t\t\t\t\t\t\t\t<div class=\"elementor-element elementor-element-917f1a1 elementor-widget elementor-widget-heading\" data-id=\"917f1a1\" data-element_type=\"widget\" data-widget_type=\"heading.default\">\n\t\t\t\t<div class=\"elementor-widget-container\">\n\t\t\t<h2 class=\"elementor-heading-title elementor-size-default\">La actualidad<\/h2>\t\t<\/div>\n\t\t\t\t<\/div>\n\t\t\t\t<div class=\"elementor-element elementor-element-cafc6e5 elementor-widget elementor-widget-text-editor\" data-id=\"cafc6e5\" data-element_type=\"widget\" data-widget_type=\"text-editor.default\">\n\t\t\t\t<div class=\"elementor-widget-container\">\n\t\t\t\t\t\t\t<p style=\"text-align: justify;\"><strong>Actualmente existe un equipo de\u00a0 miembros fundadores que se ocupan de diversas tareas y adem\u00e1s contamos con nuevos socios y participantes en n\u00famero creciente. Desarrollamos la mayor parte de las actividades en modo presencial, tanto en Espa\u00f1a como en M\u00e9xico y Argentina. Tambi\u00e9n prestamos especial atenci\u00f3n a las relaciones virtuales y difusi\u00f3n en la red (sobre todo durante la actual pandemia).<\/strong><\/p>\t\t\t\t\t\t<\/div>\n\t\t\t\t<\/div>\n\t\t\t\t\t<\/div>\n\t\t<\/div>\n\t\t\t\t<div class=\"elementor-column elementor-col-50 elementor-top-column elementor-element elementor-element-4f82c49\" data-id=\"4f82c49\" data-element_type=\"column\">\n\t\t\t<div class=\"elementor-widget-wrap elementor-element-populated\">\n\t\t\t\t\t\t\t\t<div class=\"elementor-element elementor-element-aa624d7 elementor-widget elementor-widget-image\" data-id=\"aa624d7\" data-element_type=\"widget\" data-widget_type=\"image.default\">\n\t\t\t\t<div class=\"elementor-widget-container\">\n\t\t\t\t\t\t\t\t\t\t\t\t\t\t\t<img decoding=\"async\" loading=\"lazy\" width=\"960\" height=\"656\" src=\"https:\/\/comunidadfilosofica.com\/wp-content\/uploads\/2020\/11\/29792791_10156412249874273_4726389884640559104_n.jpg\" class=\"attachment-large size-large wp-image-1942\" alt=\"\" srcset=\"https:\/\/comunidadfilosofica.com\/wp-content\/uploads\/2020\/11\/29792791_10156412249874273_4726389884640559104_n.jpg 960w, https:\/\/comunidadfilosofica.com\/wp-content\/uploads\/2020\/11\/29792791_10156412249874273_4726389884640559104_n-300x205.jpg 300w, https:\/\/comunidadfilosofica.com\/wp-content\/uploads\/2020\/11\/29792791_10156412249874273_4726389884640559104_n-768x525.jpg 768w\" sizes=\"(max-width: 960px) 100vw, 960px\" \/>\t\t\t\t\t\t\t\t\t\t\t\t\t\t\t<\/div>\n\t\t\t\t<\/div>\n\t\t\t\t\t<\/div>\n\t\t<\/div>\n\t\t\t\t\t\t\t<\/div>\n\t\t<\/section>\n\t\t\t\t<section class=\"elementor-section elementor-top-section elementor-element elementor-element-75b15ad elementor-section-boxed elementor-section-height-default elementor-section-height-default\" data-id=\"75b15ad\" data-element_type=\"section\">\n\t\t\t\t\t\t<div class=\"elementor-container elementor-column-gap-default\">\n\t\t\t\t\t<div class=\"elementor-column elementor-col-100 elementor-top-column elementor-element elementor-element-a38c083\" data-id=\"a38c083\" data-element_type=\"column\">\n\t\t\t<div class=\"elementor-widget-wrap elementor-element-populated\">\n\t\t\t\t\t\t\t\t<div class=\"elementor-element elementor-element-9f66909 elementor-widget elementor-widget-spacer\" data-id=\"9f66909\" data-element_type=\"widget\" data-widget_type=\"spacer.default\">\n\t\t\t\t<div class=\"elementor-widget-container\">\n\t\t\t\t\t<div class=\"elementor-spacer\">\n\t\t\t<div class=\"elementor-spacer-inner\"><\/div>\n\t\t<\/div>\n\t\t\t\t<\/div>\n\t\t\t\t<\/div>\n\t\t\t\t\t<\/div>\n\t\t<\/div>\n\t\t\t\t\t\t\t<\/div>\n\t\t<\/section>\n\t\t\t\t<section class=\"elementor-section elementor-top-section elementor-element elementor-element-efbdc44 elementor-section-boxed elementor-section-height-default elementor-section-height-default\" data-id=\"efbdc44\" data-element_type=\"section\">\n\t\t\t\t\t\t<div class=\"elementor-container elementor-column-gap-default\">\n\t\t\t\t\t<div class=\"elementor-column elementor-col-50 elementor-top-column elementor-element elementor-element-077e88a\" data-id=\"077e88a\" data-element_type=\"column\">\n\t\t\t<div class=\"elementor-widget-wrap elementor-element-populated\">\n\t\t\t\t\t\t\t\t<div class=\"elementor-element elementor-element-d567c6d elementor-widget elementor-widget-image\" data-id=\"d567c6d\" data-element_type=\"widget\" data-widget_type=\"image.default\">\n\t\t\t\t<div class=\"elementor-widget-container\">\n\t\t\t\t\t\t\t\t\t\t\t\t\t\t\t<img decoding=\"async\" loading=\"lazy\" width=\"1024\" height=\"625\" src=\"https:\/\/comunidadfilosofica.com\/wp-content\/uploads\/2020\/11\/654f5ad7-4d41-45ad-ab20-204c5413f0a7-2-1024x625.jpeg\" class=\"attachment-large size-large wp-image-2130\" alt=\"\" srcset=\"https:\/\/comunidadfilosofica.com\/wp-content\/uploads\/2020\/11\/654f5ad7-4d41-45ad-ab20-204c5413f0a7-2-1024x625.jpeg 1024w, https:\/\/comunidadfilosofica.com\/wp-content\/uploads\/2020\/11\/654f5ad7-4d41-45ad-ab20-204c5413f0a7-2-300x183.jpeg 300w, https:\/\/comunidadfilosofica.com\/wp-content\/uploads\/2020\/11\/654f5ad7-4d41-45ad-ab20-204c5413f0a7-2-768x469.jpeg 768w, https:\/\/comunidadfilosofica.com\/wp-content\/uploads\/2020\/11\/654f5ad7-4d41-45ad-ab20-204c5413f0a7-2.jpeg 1332w\" sizes=\"(max-width: 1024px) 100vw, 1024px\" \/>\t\t\t\t\t\t\t\t\t\t\t\t\t\t\t<\/div>\n\t\t\t\t<\/div>\n\t\t\t\t<div class=\"elementor-element elementor-element-ac6f2ea elementor-widget elementor-widget-image\" data-id=\"ac6f2ea\" data-element_type=\"widget\" data-widget_type=\"image.default\">\n\t\t\t\t<div class=\"elementor-widget-container\">\n\t\t\t\t\t\t\t\t\t\t\t\t\t\t\t<img decoding=\"async\" loading=\"lazy\" width=\"1024\" height=\"849\" src=\"https:\/\/comunidadfilosofica.com\/wp-content\/uploads\/2020\/11\/IMG_0094-1024x849.jpeg\" class=\"attachment-large size-large wp-image-2156\" alt=\"\" srcset=\"https:\/\/comunidadfilosofica.com\/wp-content\/uploads\/2020\/11\/IMG_0094-1024x849.jpeg 1024w, https:\/\/comunidadfilosofica.com\/wp-content\/uploads\/2020\/11\/IMG_0094-300x249.jpeg 300w, https:\/\/comunidadfilosofica.com\/wp-content\/uploads\/2020\/11\/IMG_0094-768x637.jpeg 768w, https:\/\/comunidadfilosofica.com\/wp-content\/uploads\/2020\/11\/IMG_0094-1536x1274.jpeg 1536w, https:\/\/comunidadfilosofica.com\/wp-content\/uploads\/2020\/11\/IMG_0094-2048x1698.jpeg 2048w\" sizes=\"(max-width: 1024px) 100vw, 1024px\" \/>\t\t\t\t\t\t\t\t\t\t\t\t\t\t\t<\/div>\n\t\t\t\t<\/div>\n\t\t\t\t\t<\/div>\n\t\t<\/div>\n\t\t\t\t<div class=\"elementor-column elementor-col-50 elementor-top-column elementor-element elementor-element-bff36e5\" data-id=\"bff36e5\" data-element_type=\"column\">\n\t\t\t<div class=\"elementor-widget-wrap elementor-element-populated\">\n\t\t\t\t\t\t\t\t<div class=\"elementor-element elementor-element-46b1abf6 elementor-widget-divider--view-line elementor-widget elementor-widget-divider\" data-id=\"46b1abf6\" data-element_type=\"widget\" data-widget_type=\"divider.default\">\n\t\t\t\t<div class=\"elementor-widget-container\">\n\t\t\t\t\t<div class=\"elementor-divider\">\n\t\t\t<span class=\"elementor-divider-separator\">\n\t\t\t\t\t\t<\/span>\n\t\t<\/div>\n\t\t\t\t<\/div>\n\t\t\t\t<\/div>\n\t\t\t\t<div class=\"elementor-element elementor-element-2339f93 elementor-widget elementor-widget-heading\" data-id=\"2339f93\" data-element_type=\"widget\" data-widget_type=\"heading.default\">\n\t\t\t\t<div class=\"elementor-widget-container\">\n\t\t\t<h2 class=\"elementor-heading-title elementor-size-default\">Nuestras actividades<\/h2>\t\t<\/div>\n\t\t\t\t<\/div>\n\t\t\t\t<div class=\"elementor-element elementor-element-7f8357a elementor-widget elementor-widget-text-editor\" data-id=\"7f8357a\" data-element_type=\"widget\" data-widget_type=\"text-editor.default\">\n\t\t\t\t<div class=\"elementor-widget-container\">\n\t\t\t\t\t\t\t<p style=\"text-align: justify;\"><span style=\"text-decoration: underline;\"><span style=\"color: #008080;\"><strong>Todas nuestras\u00a0 actividades son gratuitas.<\/strong><\/span><\/span><\/p><ul style=\"text-align: justify;\"><li style=\"text-align: justify;\"><strong><span style=\"color: #0000ff;\">Encuentros y reuniones <\/span>peri\u00f3dicas locales (en el \u00e1mbito de la Comunidad de Madrid y nacionales (con participantes de distintas ciudades espa\u00f1olas).<\/strong><\/li><li style=\"text-align: left;\"><strong><span style=\"color: #0000ff;\">Equipos de investigaci\u00f3n<\/span> sobre temas filos\u00f3ficos espec\u00edficos.<\/strong><\/li><li style=\"text-align: left;\"><strong><span style=\"color: #0000ff;\">Foros de debate<\/span>, tanto entre los miembros de nuestra Comunidad como abiertos al p\u00fablico en general.<\/strong><\/li><li style=\"text-align: left;\"><strong><span style=\"color: #0000ff;\">Conferencias y seminarios<\/span> de organizaci\u00f3n propia o en colaboraci\u00f3n con otras entidades.<\/strong><\/li><li style=\"text-align: left;\"><strong> <span style=\"color: #0000ff;\">Colaboraci\u00f3n y conciertos<\/span> con otras entidades acad\u00e9micas y culturales afines.<\/strong><\/li><li style=\"text-align: left;\"><strong style=\"font-size: 16px;\"><span style=\"color: #0000ff;\">Intercambios internacionales<\/span> (de textos filos\u00f3fico y materiales de investigaci\u00f3n y de conferenciantes, ponentes y docentes).<\/strong><\/li><li style=\"text-align: left;\"><strong style=\"font-size: 16px;\"><span style=\"color: #0000ff;\">Relaciones con Am\u00e9rica Latina<\/span>. Puesta en marcha de iniciativas en varios pa\u00edses de la regi\u00f3n, con especial dedicaci\u00f3n a M\u00e9xico y Argentina.<\/strong><\/li><li style=\"text-align: justify;\"><strong style=\"font-size: 16px;\"><span style=\"color: #0000ff;\">Edici\u00f3n y publicaci\u00f3n de libros<\/span> (CFE -Comunidad Filos\u00f3fica Ediciones-). Publicaciones virtuales: P\u00e1gina Web, Canal de YouTube, Blog, P\u00e1ginas de Facebook.<\/strong><\/li><\/ul><p style=\"text-align: justify;\"><strong><span style=\"text-decoration: underline;\"><span style=\"color: #008000;\">Admisi\u00f3n de nuevos socios.<\/span><\/span><\/strong><\/p>\t\t\t\t\t\t<\/div>\n\t\t\t\t<\/div>\n\t\t\t\t\t<\/div>\n\t\t<\/div>\n\t\t\t\t\t\t\t<\/div>\n\t\t<\/section>\n\t\t\t\t\t\t\t<\/div>\n\t\t","protected":false},"excerpt":{"rendered":"<p>Los or\u00edgenes EN CONSTRUCCI\u00d3NLorem ipsum dolor sit amet, consectetur adipiscing elit, sed do eiusmod tempor incididunt ut labore et dolore magna aliqua. Ut enim ad minim veniam, quis nostrud exercitation ullamco laboris nisi ut aliquip ex ea commodo consequat. Duis aute irure dolor in reprehenderit in voluptate velit esse cillum dolore eu fugiat nulla pariatur. &hellip;<\/p>\n<p class=\"read-more\"> <a class=\"\" href=\"https:\/\/comunidadfilosofica.com\/?page_id=621\"> <span class=\"screen-reader-text\">About<\/span> Leer m\u00e1s &raquo;<\/a><\/p>\n","protected":false},"author":1,"featured_media":0,"parent":0,"menu_order":0,"comment_status":"closed","ping_status":"closed","template":"","meta":{"site-sidebar-layout":"no-sidebar","site-content-layout":"page-builder","ast-global-header-display":"","ast-banner-title-visibility":"","ast-main-header-display":"","ast-hfb-above-header-display":"","ast-hfb-below-header-display":"","ast-hfb-mobile-header-display":"","site-post-title":"disabled","ast-breadcrumbs-content":"","ast-featured-img":"disabled","footer-sml-layout":"","theme-transparent-header-meta":"default","adv-header-id-meta":"","stick-header-meta":"","header-above-stick-meta":"","header-main-stick-meta":"","header-below-stick-meta":"","footnotes":""},"_links":{"self":[{"href":"https:\/\/comunidadfilosofica.com\/index.php?rest_route=\/wp\/v2\/pages\/621"}],"collection":[{"href":"https:\/\/comunidadfilosofica.com\/index.php?rest_route=\/wp\/v2\/pages"}],"about":[{"href":"https:\/\/comunidadfilosofica.com\/index.php?rest_route=\/wp\/v2\/types\/page"}],"author":[{"embeddable":true,"href":"https:\/\/comunidadfilosofica.com\/index.php?rest_route=\/wp\/v2\/users\/1"}],"replies":[{"embeddable":true,"href":"https:\/\/comunidadfilosofica.com\/index.php?rest_route=%2Fwp%2Fv2%2Fcomments&post=621"}],"version-history":[{"count":69,"href":"https:\/\/comunidadfilosofica.com\/index.php?rest_route=\/wp\/v2\/pages\/621\/revisions"}],"predecessor-version":[{"id":2549,"href":"https:\/\/comunidadfilosofica.com\/index.php?rest_route=\/wp\/v2\/pages\/621\/revisions\/2549"}],"wp:attachment":[{"href":"https:\/\/comunidadfilosofica.com\/index.php?rest_route=%2Fwp%2Fv2%2Fmedia&parent=621"}],"curies":[{"name":"wp","href":"https:\/\/api.w.org\/{rel}","templated":true}]}}